{"id":946,"date":"2023-08-30T11:39:11","date_gmt":"2023-08-30T09:39:11","guid":{"rendered":"https:\/\/bcmconsult.com\/datenschutzerklaerung\/"},"modified":"2024-06-26T14:45:47","modified_gmt":"2024-06-26T12:45:47","slug":"datenschutzerklaerung","status":"publish","type":"page","link":"https:\/\/bcmconsult.com\/en\/datenschutzerklaerung\/","title":{"rendered":"Data privacy"},"content":{"rendered":"\t\t<div data-elementor-type=\"wp-page\" data-elementor-id=\"946\" class=\"elementor elementor-946 elementor-3\" data-elementor-post-type=\"page\">\n\t\t\t\t<div class=\"elementor-element elementor-element-03c66a6 e-flex e-con-boxed e-con e-parent\" data-id=\"03c66a6\" data-element_type=\"container\" data-e-type=\"container\">\n\t\t\t\t\t<div class=\"e-con-inner\">\n\t\t<div class=\"elementor-element elementor-element-42148f5 e-con-full e-flex e-con e-child\" data-id=\"42148f5\" data-element_type=\"container\" data-e-type=\"container\">\n\t\t\t\t<div class=\"elementor-element elementor-element-19eeb6b elementor-widget elementor-widget-heading\" data-id=\"19eeb6b\" data-element_type=\"widget\" data-e-type=\"widget\" data-widget_type=\"heading.default\">\n\t\t\t\t<div class=\"elementor-widget-container\">\n\t\t\t\t\t<h1 class=\"elementor-heading-title elementor-size-default\">Data privacy<\/h1>\t\t\t\t<\/div>\n\t\t\t\t<\/div>\n\t\t\t\t<div class=\"elementor-element elementor-element-23121cf elementor-widget__width-initial elementor-widget elementor-widget-text-editor\" data-id=\"23121cf\" data-element_type=\"widget\" data-e-type=\"widget\" data-widget_type=\"text-editor.default\">\n\t\t\t\t<div class=\"elementor-widget-container\">\n\t\t\t\t\t\t\t\t\t<p>Die Nutzung der Seite bcmconsult.com einschlie\u00dflich des Blogs (blog.bcmconsult.com) ist ohne eine Angabe von personenbezogenen Daten m\u00f6glich.<\/p><p>F\u00fcr die Nutzung einzelner Services unserer Seite k\u00f6nnen sich hierf\u00fcr abweichende Regelungen ergeben, die in diesem Falle nachstehend gesondert erl\u00e4utert werden. Ihre personenbezogenen Daten (z.B. Name, Anschrift, E-Mail, Telefonnummer, u.\u00e4.) werden von uns nur gem\u00e4\u00df den Bestimmungen des deutschen Datenschutzrechts verarbeitet. Daten sind dann personenbezogen, wenn sie eindeutig einer bestimmten nat\u00fcrlichen Person zugeordnet werden k\u00f6nnen. Die rechtlichen Grundlagen des Datenschutzes finden Sie im Bundesdatenschutzgesetz (BDSG) und dem Digitale-Dienste-Gesetz (DDG). Nachstehende Regelungen informieren Sie insoweit \u00fcber die Art, den Umfang und Zweck der Erhebung, die Nutzung und die Verarbeitung von personenbezogenen Daten durch den Anbieter<\/p><p>Friedrich Reinhard Schieck \u2013 BCM Consult, Compa\u00dfberg 16, 07639 Wei\u00dfenborn<\/p><p>+49 (0) 172 &#8211; 6053061<\/p><p>fs@bcmconsult.com<\/p><p>Wir weisen darauf hin, dass die internetbasierte Daten\u00fcbertragung Sicherheitsl\u00fccken aufweist, ein l\u00fcckenloser Schutz vor Zugriffen durch Dritte somit unm\u00f6glich ist.<\/p><p><strong>Cookies<\/strong><\/p><p>Wir verwenden auf unserer Seite sog. Cookies zum Wiedererkennen mehrfacher Nutzung unseres Angebots, durch denselben Nutzer\/Internetanschlussinhaber. Cookies sind kleine Textdateien, die Ihr Internet-Browser auf Ihrem Rechner ablegt und speichert. Sie dienen dazu, unseren Internetauftritt und unsere Angebote zu optimieren. Es handelt sich dabei zumeist um sog. \u201cSession-Cookies\u201d, die nach dem Ende Ihres Besuches wieder gel\u00f6scht werden.<\/p><p>Teilweise geben diese Cookies jedoch Informationen ab, um Sie automatisch wieder zu erkennen. Diese Wiedererkennung erfolgt aufgrund der in den Cookies gespeicherten IP-Adresse. Die so erlangten Informationen dienen dazu, unsere Angebote zu optimieren und Ihnen einen leichteren Zugang auf unsere Seite zu erm\u00f6glichen.<br \/>Sie k\u00f6nnen die Installation der Cookies durch eine entsprechende Einstellung Ihres Browsers verhindern; wir weisen Sie jedoch darauf hin, dass Sie in diesem Fall gegebenenfalls nicht s\u00e4mtliche Funktionen unserer Website vollumf\u00e4nglich nutzen k\u00f6nnen.<\/p><p><a class=\"borlabs-cookie-preference\" href=\"#\">Cookie-Einstellungen anpassen<\/a><\/p><p><strong>Serverdaten<\/strong><\/p><p>Aus technischen Gr\u00fcnden werden u.a. folgende Daten, die Ihr Internet-Browser an uns bzw. an unseren Webspace-Provider \u00fcbermittelt, erfasst (sogenannte Serverlogfiles):<\/p><p>\u2013 Browsertyp und -version<br \/>\u2013 verwendetes Betriebssystem<br \/>\u2013 Webseite, von der aus Sie uns besuchen (Referrer URL)<br \/>\u2013 Webseite, die Sie besuchen<br \/>\u2013 Datum und Uhrzeit Ihres Zugriffs<br \/>\u2013 Ihre Internet Protokoll (IP)-Adresse.<\/p><p>Diese anonymen Daten werden getrennt von Ihren eventuell angegebenen personenbezogenen Daten gespeichert und lassen so keine R\u00fcckschl\u00fcsse auf eine bestimmte Person zu. Sie werden zu statistischen Zwecken ausgewertet, um unseren Internetauftritt und unsere Angebote optimieren zu k\u00f6nnen.<\/p><p><strong>Kontaktm\u00f6glichkeit<\/strong><\/p><p>Wir bieten Ihnen auf unserer Seite die M\u00f6glichkeit, mit uns per E-Mail und\/oder \u00fcber ein Kontaktformular in Verbindung zu treten. In diesem Fall werden die vom Nutzer gemachten Angaben zum Zwecke der Bearbeitung seiner Kontaktaufnahme gespeichert. Eine Weitergabe an Dritte erfolgt nicht. Ein Abgleich der so erhobenen Daten mit Daten, die m\u00f6glicherweise durch andere Komponenten unserer Seite erhoben werden, erfolgt ebenfalls nicht.<\/p><p><strong>Kommentarm\u00f6glichkeit<\/strong><\/p><p>Wir bieten Ihnen auf unserer Seite die M\u00f6glichkeit, Kommentare zu den einzelnen Beitr\u00e4gen zu hinterlassen. Hierbei wird die IP- Adresse des Verfassers\/Anschlussinhabers gespeichert. Diese Speicherung erfolgt zu unserer Sicherheit f\u00fcr den Fall, dass vom Verfasser durch seinen Kommentar hierbei in Rechte Dritter eingegriffen wird und\/oder widerrechtliche Inhalte abgesetzt werden. Somit besteht ein Eigeninteresse unsererseits an den gespeicherten Daten des Verfassers, zumal wir unter Umst\u00e4nden wegen derartigen Rechtsverletzungen belangt werden k\u00f6nnen. Eine Weitergabe an Dritte erfolgt nicht. Ein Abgleich der so erhobenen Daten mit Daten, die m\u00f6glicherweise durch andere Komponenten unserer Seite erhoben werden, erfolgt ebenfalls nicht.<\/p><p><strong>Einsatz der Twitter-Empfehlungs-Komponenten<\/strong><\/p><p>Wir setzen auf unserer Seite Komponenten des Anbieters Twitter ein. Twitter ist ein Service der Twitter Inc., 795 Folsom St., Suite 600, San Francisco, CA 94107, USA.<\/p><p>Bei jedem einzelnen Abruf unserer Webseite, die mit einer solchen Komponente ausgestattet ist, veranlasst diese Komponente, dass der von Ihnen verwendete Browser eine entsprechende Darstellung der Komponente von Twitter herunterl\u00e4dt. Durch diesen Vorgang wird Twitter dar\u00fcber in Kenntnis gesetzt, welche konkrete Seite unserer Internetpr\u00e4senz gerade besucht wird.<br \/>Wir haben weder Einfluss auf die Daten, die Twitter hierdurch erhebt, noch \u00fcber den Umfang dieser durch Twitter erhobenen Daten. Nach unserem Kenntnisstand wird von Twitter die URL der jeweiligen aufgerufenen Webseite sowie IP-Adresse des Nutzers erhoben, jedoch nicht f\u00fcr andere Zwecke, als die Darstellung der Twitter- Komponente, genutzt. Weitere Informationen hierzu finden sich in der Datenschutzerkl\u00e4rung von Twitter unter http:\/\/twitter.com\/privacy.<\/p><p>Ihre Datenschutzeinstellungen k\u00f6nnen Sie in den Konto-Einstellungen unter http:\/\/twitter.com\/account\/settings\u00e4ndern.<\/p><p><strong>Einsatz der Xing-Empfehlungs-Komponenten<\/strong><\/p><p>Wir setzen auf unserer Seite Komponenten des Netzwerks XING.com ein. Diese Komponenten sind ein Service der XING AG, Dammtorstra\u00dfe 29-32, 20354 Hamburg, Deutschland.<br \/>Bei jedem einzelnen Abruf unserer Webseite, die mit einer solchen Komponente ausgestattet ist, veranlasst diese Komponente, dass der von Ihnen verwendete Browser eine entsprechende Darstellung der Komponente von XING herunterl\u00e4dt.<\/p><p>Nach unserem Kenntnisstand werden von XING keine personenbezogenen Daten des Nutzers \u00fcber den Aufruf unserer Webseite gespeichert. Ebenfalls speichert XING keine IP-Adressen. Zudem findet auch keine Auswertung des Nutzungsverhaltens \u00fcber die Verwendung von Cookies im Zusammenhang mit dem \u201cXING Share-Button\u201d statt. Weitere Informationen hierzu finden sich in den Datenschutzhinweisen f\u00fcr den XING Share-Button unter: https:\/\/www.xing.com\/app\/share?op=data_protection<\/p><p><strong>Einsatz der LinkedIn-Empfehlungs-Komponenten<\/strong><\/p><p>Wir setzen auf unserer Seite Komponenten des Netzwerks LinkedIn ein. LinkedIn ist ein Service der LinkedIn Corporation, 2029 Stierlin Court, Mountain View, CA 94043, USA. Bei jedem einzelnen Abruf unserer Webseite, die mit einer solchen Komponente ausgestattet ist, veranlasst diese Komponente, dass der von Ihnen verwendete Browser eine entsprechende Darstellung der Komponente von LinkedIn herunterl\u00e4dt.<\/p><p>Durch diesen Vorgang wird LinkedIn dar\u00fcber in Kenntnis gesetzt, welche konkrete Seite unserer Internetpr\u00e4senz gerade besucht wird. Wenn Sie den LinkedIn \u201eRecommend-Button\u201c anklicken w\u00e4hrend Sie in Ihrem LinkedIn-Account eingeloggt sind, k\u00f6nnen Sie die Inhalte unserer Seiten auf Ihrem LinkedIn-Profil verlinken. Dadurch ist LinkedIn in der Lage, den Besuch unserer Seiten Ihrem LinkedIn-Benutzerkonto zuordnen.<\/p><p>Wir haben weder Einfluss auf die Daten, die LinkedIn hierdurch erhebt, noch \u00fcber den Umfang dieser durch LinkedIn erhobenen Daten. Auch haben wir keine Kenntnis vom Inhalt der an LinkedIn \u00fcbermittelten Daten. Details zur Datenerhebung durch LinkedIn sowie zu Ihren Rechten und Einstellungsm\u00f6glichkeiten k\u00f6nnen Sie den Datenschutzhinweisen von LinkedIn entnehmen. Diese Hinweise finden Sie unter http:\/\/www.linkedin.com\/legal\/privacy-policy<\/p><p><strong>Auskunft\/Widerruf\/L\u00f6schung<\/strong><\/p><p>Sie k\u00f6nnen sich aufgrund des Bundesdatenschutzgesetzes bei Fragen zur Erhebung, Verarbeitung oder Nutzung Ihrer personenbezogenen Daten und deren Berichtigung, Sperrung, L\u00f6schung oder einem Widerruf einer erteilten Einwilligung unentgeltlich an uns wenden. Wir weisen darauf hin, dass Ihnen ein Recht auf Berichtigung falscher Daten oder L\u00f6schung personenbezogener Daten zusteht, sollte diesem Anspruch keine gesetzliche Aufbewahrungspflicht entgegenstehen.<\/p><p>Muster-Datenschutzerkl\u00e4rung der Anwaltskanzlei Wei\u00df &amp; Partner<\/p>\t\t\t\t\t\t\t\t<\/div>\n\t\t\t\t<\/div>\n\t\t\t\t<\/div>\n\t\t\t\t\t<\/div>\n\t\t\t\t<\/div>\n\t\t\t\t<\/div>\n\t\t","protected":false},"excerpt":{"rendered":"<p>Data privacy Die Nutzung der Seite bcmconsult.com einschlie\u00dflich des Blogs (blog.bcmconsult.com) ist ohne eine Angabe von personenbezogenen Daten m\u00f6glich. F\u00fcr die Nutzung einzelner Services unserer Seite k\u00f6nnen sich hierf\u00fcr abweichende Regelungen ergeben, die in diesem Falle nachstehend gesondert erl\u00e4utert werden. Ihre personenbezogenen Daten (z.B. Name, Anschrift, E-Mail, Telefonnummer, u.\u00e4.) werden von uns nur gem\u00e4\u00df den [&hellip;]<\/p>\n","protected":false},"author":1,"featured_media":0,"parent":0,"menu_order":0,"comment_status":"closed","ping_status":"open","template":"","meta":{"footnotes":""},"class_list":["post-946","page","type-page","status-publish","hentry"],"yoast_head":"<!-- This site is optimized with the Yoast SEO plugin v27.1.1 - https:\/\/yoast.com\/product\/yoast-seo-wordpress\/ -->\n<title>Data privacy - bcmconsult.com<\/title>\n<meta name=\"robots\" content=\"index, follow, max-snippet:-1, max-image-preview:large, max-video-preview:-1\" \/>\n<link rel=\"canonical\" href=\"https:\/\/bcmconsult.com\/en\/datenschutzerklaerung\/\" \/>\n<meta property=\"og:locale\" content=\"en_US\" \/>\n<meta property=\"og:type\" content=\"article\" \/>\n<meta property=\"og:title\" content=\"Data privacy - bcmconsult.com\" \/>\n<meta property=\"og:description\" content=\"Data privacy Die Nutzung der Seite bcmconsult.com einschlie\u00dflich des Blogs (blog.bcmconsult.com) ist ohne eine Angabe von personenbezogenen Daten m\u00f6glich. F\u00fcr die Nutzung einzelner Services unserer Seite k\u00f6nnen sich hierf\u00fcr abweichende Regelungen ergeben, die in diesem Falle nachstehend gesondert erl\u00e4utert werden. Ihre personenbezogenen Daten (z.B. Name, Anschrift, E-Mail, Telefonnummer, u.\u00e4.) werden von uns nur gem\u00e4\u00df den [&hellip;]\" \/>\n<meta property=\"og:url\" content=\"https:\/\/bcmconsult.com\/en\/datenschutzerklaerung\/\" \/>\n<meta property=\"og:site_name\" content=\"bcmconsult.com\" \/>\n<meta property=\"article:modified_time\" content=\"2024-06-26T12:45:47+00:00\" \/>\n<meta name=\"twitter:card\" content=\"summary_large_image\" \/>\n<meta name=\"twitter:site\" content=\"@FSchieck\" \/>\n<meta name=\"twitter:label1\" content=\"Est. reading time\" \/>\n\t<meta name=\"twitter:data1\" content=\"5 minutes\" \/>\n<script type=\"application\/ld+json\" class=\"yoast-schema-graph\">{\"@context\":\"https:\/\/schema.org\",\"@graph\":[{\"@type\":\"WebPage\",\"@id\":\"https:\/\/bcmconsult.com\/en\/datenschutzerklaerung\/\",\"url\":\"https:\/\/bcmconsult.com\/en\/datenschutzerklaerung\/\",\"name\":\"Data privacy - bcmconsult.com\",\"isPartOf\":{\"@id\":\"https:\/\/bcmconsult.com\/#website\"},\"datePublished\":\"2023-08-30T09:39:11+00:00\",\"dateModified\":\"2024-06-26T12:45:47+00:00\",\"breadcrumb\":{\"@id\":\"https:\/\/bcmconsult.com\/en\/datenschutzerklaerung\/#breadcrumb\"},\"inLanguage\":\"en-US\",\"potentialAction\":[{\"@type\":\"ReadAction\",\"target\":[\"https:\/\/bcmconsult.com\/en\/datenschutzerklaerung\/\"]}]},{\"@type\":\"BreadcrumbList\",\"@id\":\"https:\/\/bcmconsult.com\/en\/datenschutzerklaerung\/#breadcrumb\",\"itemListElement\":[{\"@type\":\"ListItem\",\"position\":1,\"name\":\"Startseite\",\"item\":\"https:\/\/bcmconsult.com\/\"},{\"@type\":\"ListItem\",\"position\":2,\"name\":\"Data privacy\"}]},{\"@type\":\"WebSite\",\"@id\":\"https:\/\/bcmconsult.com\/#website\",\"url\":\"https:\/\/bcmconsult.com\/\",\"name\":\"bcmconsult.com\",\"description\":\"\",\"publisher\":{\"@id\":\"https:\/\/bcmconsult.com\/#organization\"},\"potentialAction\":[{\"@type\":\"SearchAction\",\"target\":{\"@type\":\"EntryPoint\",\"urlTemplate\":\"https:\/\/bcmconsult.com\/?s={search_term_string}\"},\"query-input\":{\"@type\":\"PropertyValueSpecification\",\"valueRequired\":true,\"valueName\":\"search_term_string\"}}],\"inLanguage\":\"en-US\"},{\"@type\":\"Organization\",\"@id\":\"https:\/\/bcmconsult.com\/#organization\",\"name\":\"Business Communication Management\",\"url\":\"https:\/\/bcmconsult.com\/\",\"logo\":{\"@type\":\"ImageObject\",\"inLanguage\":\"en-US\",\"@id\":\"https:\/\/bcmconsult.com\/#\/schema\/logo\/image\/\",\"url\":\"https:\/\/bcmconsult.com\/wp-content\/uploads\/2023\/09\/BCM-Modell-2.png\",\"contentUrl\":\"https:\/\/bcmconsult.com\/wp-content\/uploads\/2023\/09\/BCM-Modell-2.png\",\"width\":929,\"height\":415,\"caption\":\"Business Communication Management\"},\"image\":{\"@id\":\"https:\/\/bcmconsult.com\/#\/schema\/logo\/image\/\"},\"sameAs\":[\"https:\/\/x.com\/FSchieck\",\"https:\/\/www.xing.com\/profile\/Friedrich_Schieck4\",\"https:\/\/de.linkedin.com\/in\/friedrich-schieck-19305993\"]}]}<\/script>\n<!-- \/ Yoast SEO plugin. -->","yoast_head_json":{"title":"Data privacy - bcmconsult.com","robots":{"index":"index","follow":"follow","max-snippet":"max-snippet:-1","max-image-preview":"max-image-preview:large","max-video-preview":"max-video-preview:-1"},"canonical":"https:\/\/bcmconsult.com\/en\/datenschutzerklaerung\/","og_locale":"en_US","og_type":"article","og_title":"Data privacy - bcmconsult.com","og_description":"Data privacy Die Nutzung der Seite bcmconsult.com einschlie\u00dflich des Blogs (blog.bcmconsult.com) ist ohne eine Angabe von personenbezogenen Daten m\u00f6glich. F\u00fcr die Nutzung einzelner Services unserer Seite k\u00f6nnen sich hierf\u00fcr abweichende Regelungen ergeben, die in diesem Falle nachstehend gesondert erl\u00e4utert werden. Ihre personenbezogenen Daten (z.B. Name, Anschrift, E-Mail, Telefonnummer, u.\u00e4.) werden von uns nur gem\u00e4\u00df den [&hellip;]","og_url":"https:\/\/bcmconsult.com\/en\/datenschutzerklaerung\/","og_site_name":"bcmconsult.com","article_modified_time":"2024-06-26T12:45:47+00:00","twitter_card":"summary_large_image","twitter_site":"@FSchieck","twitter_misc":{"Est. reading time":"5 minutes"},"schema":{"@context":"https:\/\/schema.org","@graph":[{"@type":"WebPage","@id":"https:\/\/bcmconsult.com\/en\/datenschutzerklaerung\/","url":"https:\/\/bcmconsult.com\/en\/datenschutzerklaerung\/","name":"Data privacy - bcmconsult.com","isPartOf":{"@id":"https:\/\/bcmconsult.com\/#website"},"datePublished":"2023-08-30T09:39:11+00:00","dateModified":"2024-06-26T12:45:47+00:00","breadcrumb":{"@id":"https:\/\/bcmconsult.com\/en\/datenschutzerklaerung\/#breadcrumb"},"inLanguage":"en-US","potentialAction":[{"@type":"ReadAction","target":["https:\/\/bcmconsult.com\/en\/datenschutzerklaerung\/"]}]},{"@type":"BreadcrumbList","@id":"https:\/\/bcmconsult.com\/en\/datenschutzerklaerung\/#breadcrumb","itemListElement":[{"@type":"ListItem","position":1,"name":"Startseite","item":"https:\/\/bcmconsult.com\/"},{"@type":"ListItem","position":2,"name":"Data privacy"}]},{"@type":"WebSite","@id":"https:\/\/bcmconsult.com\/#website","url":"https:\/\/bcmconsult.com\/","name":"bcmconsult.com","description":"","publisher":{"@id":"https:\/\/bcmconsult.com\/#organization"},"potentialAction":[{"@type":"SearchAction","target":{"@type":"EntryPoint","urlTemplate":"https:\/\/bcmconsult.com\/?s={search_term_string}"},"query-input":{"@type":"PropertyValueSpecification","valueRequired":true,"valueName":"search_term_string"}}],"inLanguage":"en-US"},{"@type":"Organization","@id":"https:\/\/bcmconsult.com\/#organization","name":"Business Communication Management","url":"https:\/\/bcmconsult.com\/","logo":{"@type":"ImageObject","inLanguage":"en-US","@id":"https:\/\/bcmconsult.com\/#\/schema\/logo\/image\/","url":"https:\/\/bcmconsult.com\/wp-content\/uploads\/2023\/09\/BCM-Modell-2.png","contentUrl":"https:\/\/bcmconsult.com\/wp-content\/uploads\/2023\/09\/BCM-Modell-2.png","width":929,"height":415,"caption":"Business Communication Management"},"image":{"@id":"https:\/\/bcmconsult.com\/#\/schema\/logo\/image\/"},"sameAs":["https:\/\/x.com\/FSchieck","https:\/\/www.xing.com\/profile\/Friedrich_Schieck4","https:\/\/de.linkedin.com\/in\/friedrich-schieck-19305993"]}]}},"_links":{"self":[{"href":"https:\/\/bcmconsult.com\/en\/wp-json\/wp\/v2\/pages\/946","targetHints":{"allow":["GET"]}}],"collection":[{"href":"https:\/\/bcmconsult.com\/en\/wp-json\/wp\/v2\/pages"}],"about":[{"href":"https:\/\/bcmconsult.com\/en\/wp-json\/wp\/v2\/types\/page"}],"author":[{"embeddable":true,"href":"https:\/\/bcmconsult.com\/en\/wp-json\/wp\/v2\/users\/1"}],"replies":[{"embeddable":true,"href":"https:\/\/bcmconsult.com\/en\/wp-json\/wp\/v2\/comments?post=946"}],"version-history":[{"count":12,"href":"https:\/\/bcmconsult.com\/en\/wp-json\/wp\/v2\/pages\/946\/revisions"}],"predecessor-version":[{"id":1335,"href":"https:\/\/bcmconsult.com\/en\/wp-json\/wp\/v2\/pages\/946\/revisions\/1335"}],"wp:attachment":[{"href":"https:\/\/bcmconsult.com\/en\/wp-json\/wp\/v2\/media?parent=946"}],"curies":[{"name":"wp","href":"https:\/\/api.w.org\/{rel}","templated":true}]}}