{"id":939,"date":"2023-09-07T13:36:28","date_gmt":"2023-09-07T11:36:28","guid":{"rendered":"https:\/\/bcmconsult.com\/imprint\/"},"modified":"2024-06-26T14:48:45","modified_gmt":"2024-06-26T12:48:45","slug":"imprint","status":"publish","type":"page","link":"https:\/\/bcmconsult.com\/en\/imprint\/","title":{"rendered":"Imprint"},"content":{"rendered":"\t\t<div data-elementor-type=\"wp-page\" data-elementor-id=\"939\" class=\"elementor elementor-939 elementor-348\" data-elementor-post-type=\"page\">\n\t\t\t\t<div class=\"elementor-element elementor-element-7b55505 e-flex e-con-boxed e-con e-parent\" data-id=\"7b55505\" data-element_type=\"container\" data-e-type=\"container\">\n\t\t\t\t\t<div class=\"e-con-inner\">\n\t\t<div class=\"elementor-element elementor-element-aef2269 e-con-full e-flex e-con e-child\" data-id=\"aef2269\" data-element_type=\"container\" data-e-type=\"container\">\n\t\t\t\t<div class=\"elementor-element elementor-element-c1cd9a2 elementor-widget elementor-widget-heading\" data-id=\"c1cd9a2\" data-element_type=\"widget\" data-e-type=\"widget\" data-widget_type=\"heading.default\">\n\t\t\t\t<div class=\"elementor-widget-container\">\n\t\t\t\t\t<h1 class=\"elementor-heading-title elementor-size-default\">Imprint<\/h1>\t\t\t\t<\/div>\n\t\t\t\t<\/div>\n\t\t\t\t<div class=\"elementor-element elementor-element-1cebf6e elementor-widget__width-initial elementor-widget elementor-widget-text-editor\" data-id=\"1cebf6e\" data-element_type=\"widget\" data-e-type=\"widget\" data-widget_type=\"text-editor.default\">\n\t\t\t\t<div class=\"elementor-widget-container\">\n\t\t\t\t\t\t\t\t\t<p><strong>Information according to \u00a7 5 DDG<\/strong><\/p><p>Friedrich Reinhard Schieck<br \/>Compa\u00dfberg 16<br \/>07639 Wei\u00dfenborn<\/p><p><strong>Represented by:<\/strong><br \/>Friedrich Reinhard Schieck<\/p><p><strong>Contact:<\/strong><br \/>Phone: +49 (0) 172-6053061<br \/>E-Mail: <a href=\"mailto:fs@bcmconsult.com\">fs@bcmconsult.com<\/a><\/p><p><strong>Sales tax according to \u00a7 4 Abs. 3 EstG:<br \/><\/strong>tax number: 162\/268\/16821<\/p><p>Identification Number: 69 045 387 420<\/p><p><strong>Responsible for the content according to \u00a7 55 para. 2 RStV: 2 RStV:<\/strong><br \/>Friedrich Reinhard Schieck<br \/>Compa\u00dfberg 16<br \/>07639 Wei\u00dfenborn<\/p><p><strong>Web design &amp; development <\/strong><\/p><p>S\u00f6ren Lindner<br \/>Berliner Stra\u00dfe 76<br \/>07545 Gera<br \/>E-Mail: <a href=\"mailto:info@lindner-design.de\">info(at)lindner-design.de<\/a><br \/>Phone: +49 (0)172 1892508<br \/><a href=\"http:\/\/www.lindner-design.de\/\" target=\"_blank\" rel=\"noopener noreferrer\">www.lindner-design.de<\/a><\/p><p><strong>Development<\/strong><\/p><p>stm systems GmbH<br \/>Stefan Miletzki<br \/>Zittauer Str. 27<br \/>99091 Erfurt<br \/>E-Mail: <a href=\"mailto:info@stm-systems.de\">info(at)stm-systems.de<br \/><\/a>Phone: +49 (0)361-55199710<br \/><a href=\"http:\/\/www.stm-systems.de\/\" target=\"_blank\" rel=\"noopener noreferrer\">www.stm-systems.de<\/a><\/p><p><strong>Photo credit<\/strong><\/p><p>Video Homepage: \u00a9Jezperklauzen<\/p><p>Schieck, Friedrich \/ \u00a9privat<\/p>\t\t\t\t\t\t\t\t<\/div>\n\t\t\t\t<\/div>\n\t\t\t\t<\/div>\n\t\t<div class=\"elementor-element elementor-element-2dc1269 e-con-full e-flex e-con e-child\" data-id=\"2dc1269\" data-element_type=\"container\" data-e-type=\"container\">\n\t\t\t\t<div class=\"elementor-element elementor-element-40a4557 elementor-widget elementor-widget-heading\" data-id=\"40a4557\" data-element_type=\"widget\" data-e-type=\"widget\" data-widget_type=\"heading.default\">\n\t\t\t\t<div class=\"elementor-widget-container\">\n\t\t\t\t\t<h3 class=\"elementor-heading-title elementor-size-default\">Disclaimer:\n\n<\/h3>\t\t\t\t<\/div>\n\t\t\t\t<\/div>\n\t\t\t\t<div class=\"elementor-element elementor-element-04d5273 elementor-widget__width-initial elementor-widget elementor-widget-text-editor\" data-id=\"04d5273\" data-element_type=\"widget\" data-e-type=\"widget\" data-widget_type=\"text-editor.default\">\n\t\t\t\t<div class=\"elementor-widget-container\">\n\t\t\t\t\t\t\t\t\t<p><strong style=\"color: var( --e-global-color-secondary ); font-family: var( --e-global-typography-primary-font-family ), Sans-serif; font-size: var( --e-global-typography-text-font-size ); word-spacing: var( --e-global-typography-primary-word-spacing ); text-align: var(--text-align);\">Liability for contents<\/strong><\/p><p>The contents of our pages were created with the utmost care. However, we cannot guarantee the accuracy, completeness and timeliness of the content. As a service provider, we are responsible for our own content on these pages under the general laws according to \u00a7 7 para.1 DDG. According to \u00a7\u00a7 8 to 10 DDG, however, we are not obligated as a service provider to monitor transmitted or stored third-party information or to investigate circumstances that indicate illegal activity. Obligations to remove or block the use of information under the general laws remain unaffected. However, liability in this regard is only possible from the point in time at which a concrete infringement of the law becomes known. If we become aware of such infringements, we will remove this content immediately.<\/p><p><strong>Liability for links<\/strong><\/p><p>Our offer contains links to external websites of third parties, on whose contents we have no influence. Therefore, we cannot assume any liability for these external contents. The respective provider or operator of the pages is always responsible for the content of the linked pages. The linked pages were checked for possible legal violations at the time of linking. Illegal contents were not recognizable at the time of linking. However, a permanent control of the contents of the linked pages is not reasonable without concrete evidence of a violation of the law. If we become aware of any infringements, we will remove such links immediately.<\/p><p><strong>Copyright<\/strong><\/p><p>The content and works created by the site operators on these pages are subject to German copyright law. Duplication, processing, distribution, or any form of commercialization of such material beyond the scope of the copyright law shall require the prior written consent of its respective author or creator. Downloads and copies of this site are only permitted for private, non-commercial use. Insofar as the content on this site was not created by the operator, the copyrights of third parties are respected. In particular, third-party content is identified as such. Should you nevertheless become aware of a copyright infringement, please inform us accordingly. If we become aware of any infringements, we will remove such content immediately.<\/p><p><strong>Data privacy<\/strong><\/p><p>The use of our website is generally possible without providing personal data. Insofar as personal data (for example, name, address or e-mail addresses) are collected on our pages, this is always done, as far as possible, on a voluntary basis. This data will not be passed on to third parties without your express consent. We point out that data transmission over the Internet (eg communication by e-mail) security gaps. A complete protection of data against access by third parties is not possible.<\/p><p>The use of contact data published within the framework of the imprint obligation by third parties for the purpose of sending unsolicited advertising and information materials is hereby expressly prohibited. The operators of the pages expressly reserve the right to take legal action in the event of the unsolicited sending of advertising information, such as spam e-mails.<\/p><p><strong>Google Analytics<\/strong><\/p><p>This website uses Google Analytics, a web analytics service provided by Google, Inc (&#8221;Google&#8221;). Google Analytics uses so-called &#8221;cookies&#8221;, which are text files placed on your computer, to help the website analyze how users use the site. The information generated by the cookie about your use of the website (including your IP address) will be transmitted to and stored by Google on servers in the United States. Google will use this information for the purpose of evaluating your use of the website, compiling reports on website activity for website operators and providing other services relating to website activity and internet usage. Google may also transfer this information to third parties where required to do so by law, or where such third parties process the information on Google&#8217;s behalf. Google will not associate your IP address with any other data held by Google. You may refuse the use of cookies by selecting the appropriate settings on your browser, however please note that if you do this you may not be able to use the full functionality of this website. By using this website, you consent to the processing of data about you by Google in the manner and for the purposes set out above.<\/p><p>Website imprint created by <a href=\"https:\/\/www.impressum-generator.de\/\">impressum-generator.de<\/a> from the <a href=\"https:\/\/www.kanzlei-hasselbach.de\/\">Kanzlei Hasselbach<\/a><\/p><p><strong>EU-Streitbeilegung:<\/strong><br \/>Die Europ\u00e4ische Kommission stellt eine Plattform zur Online-Streitbeilegung (OS) bereit: <a href=\"https:\/\/ec.europa.eu\/consumers\/odr\/\">https:\/\/ec.europa.eu\/consumers\/odr\/<\/a><\/p><p>Unsere E-Mail-Adresse finden Sie oben im Impressum.<\/p><p>Streitbeilegungsverfahren vor einer Verbraucherschlichtungsstelle<\/p><p>Wir nehmen an einem Streitbeilegungsverfahren vor einer Verbraucherschlichtungsstelle teil. Zust\u00e4ndige Verbraucherschlichtungsstelle ist das Zentrum f\u00fcr Schlichtung e.V., Stra\u00dfburger Stra\u00dfe 8, 77694 Kehl am Rhein (<a href=\"https:\/\/www.verbraucher-schlichter.de\">https:\/\/www.verbraucher-schlichter.de<\/a>)<\/p>\t\t\t\t\t\t\t\t<\/div>\n\t\t\t\t<\/div>\n\t\t\t\t<\/div>\n\t\t\t\t\t<\/div>\n\t\t\t\t<\/div>\n\t\t\t\t<\/div>\n\t\t","protected":false},"excerpt":{"rendered":"<p>Imprint Information according to \u00a7 5 DDG Friedrich Reinhard SchieckCompa\u00dfberg 1607639 Wei\u00dfenborn Represented by:Friedrich Reinhard Schieck Contact:Phone: +49 (0) 172-6053061E-Mail: fs@bcmconsult.com Sales tax according to \u00a7 4 Abs. 3 EstG:tax number: 162\/268\/16821 Identification Number: 69 045 387 420 Responsible for the content according to \u00a7 55 para. 2 RStV: 2 RStV:Friedrich Reinhard SchieckCompa\u00dfberg 1607639 Wei\u00dfenborn [&hellip;]<\/p>\n","protected":false},"author":2,"featured_media":0,"parent":0,"menu_order":0,"comment_status":"closed","ping_status":"closed","template":"","meta":{"footnotes":""},"class_list":["post-939","page","type-page","status-publish","hentry"],"yoast_head":"<!-- This site is optimized with the Yoast SEO plugin v27.1.1 - https:\/\/yoast.com\/product\/yoast-seo-wordpress\/ -->\n<title>Imprint - bcmconsult.com<\/title>\n<meta name=\"robots\" content=\"index, follow, max-snippet:-1, max-image-preview:large, max-video-preview:-1\" \/>\n<link rel=\"canonical\" href=\"https:\/\/bcmconsult.com\/en\/imprint\/\" \/>\n<meta property=\"og:locale\" content=\"en_US\" \/>\n<meta property=\"og:type\" content=\"article\" \/>\n<meta property=\"og:title\" content=\"Imprint - bcmconsult.com\" \/>\n<meta property=\"og:description\" content=\"Imprint Information according to \u00a7 5 DDG Friedrich Reinhard SchieckCompa\u00dfberg 1607639 Wei\u00dfenborn Represented by:Friedrich Reinhard Schieck Contact:Phone: +49 (0) 172-6053061E-Mail: fs@bcmconsult.com Sales tax according to \u00a7 4 Abs. 3 EstG:tax number: 162\/268\/16821 Identification Number: 69 045 387 420 Responsible for the content according to \u00a7 55 para. 2 RStV: 2 RStV:Friedrich Reinhard SchieckCompa\u00dfberg 1607639 Wei\u00dfenborn [&hellip;]\" \/>\n<meta property=\"og:url\" content=\"https:\/\/bcmconsult.com\/en\/imprint\/\" \/>\n<meta property=\"og:site_name\" content=\"bcmconsult.com\" \/>\n<meta property=\"article:modified_time\" content=\"2024-06-26T12:48:45+00:00\" \/>\n<meta name=\"twitter:card\" content=\"summary_large_image\" \/>\n<meta name=\"twitter:site\" content=\"@FSchieck\" \/>\n<meta name=\"twitter:label1\" content=\"Est. reading time\" \/>\n\t<meta name=\"twitter:data1\" content=\"4 minutes\" \/>\n<script type=\"application\/ld+json\" class=\"yoast-schema-graph\">{\"@context\":\"https:\/\/schema.org\",\"@graph\":[{\"@type\":\"WebPage\",\"@id\":\"https:\/\/bcmconsult.com\/en\/imprint\/\",\"url\":\"https:\/\/bcmconsult.com\/en\/imprint\/\",\"name\":\"Imprint - bcmconsult.com\",\"isPartOf\":{\"@id\":\"https:\/\/bcmconsult.com\/#website\"},\"datePublished\":\"2023-09-07T11:36:28+00:00\",\"dateModified\":\"2024-06-26T12:48:45+00:00\",\"breadcrumb\":{\"@id\":\"https:\/\/bcmconsult.com\/en\/imprint\/#breadcrumb\"},\"inLanguage\":\"en-US\",\"potentialAction\":[{\"@type\":\"ReadAction\",\"target\":[\"https:\/\/bcmconsult.com\/en\/imprint\/\"]}]},{\"@type\":\"BreadcrumbList\",\"@id\":\"https:\/\/bcmconsult.com\/en\/imprint\/#breadcrumb\",\"itemListElement\":[{\"@type\":\"ListItem\",\"position\":1,\"name\":\"Startseite\",\"item\":\"https:\/\/bcmconsult.com\/\"},{\"@type\":\"ListItem\",\"position\":2,\"name\":\"Imprint\"}]},{\"@type\":\"WebSite\",\"@id\":\"https:\/\/bcmconsult.com\/#website\",\"url\":\"https:\/\/bcmconsult.com\/\",\"name\":\"bcmconsult.com\",\"description\":\"\",\"publisher\":{\"@id\":\"https:\/\/bcmconsult.com\/#organization\"},\"potentialAction\":[{\"@type\":\"SearchAction\",\"target\":{\"@type\":\"EntryPoint\",\"urlTemplate\":\"https:\/\/bcmconsult.com\/?s={search_term_string}\"},\"query-input\":{\"@type\":\"PropertyValueSpecification\",\"valueRequired\":true,\"valueName\":\"search_term_string\"}}],\"inLanguage\":\"en-US\"},{\"@type\":\"Organization\",\"@id\":\"https:\/\/bcmconsult.com\/#organization\",\"name\":\"Business Communication Management\",\"url\":\"https:\/\/bcmconsult.com\/\",\"logo\":{\"@type\":\"ImageObject\",\"inLanguage\":\"en-US\",\"@id\":\"https:\/\/bcmconsult.com\/#\/schema\/logo\/image\/\",\"url\":\"https:\/\/bcmconsult.com\/wp-content\/uploads\/2023\/09\/BCM-Modell-2.png\",\"contentUrl\":\"https:\/\/bcmconsult.com\/wp-content\/uploads\/2023\/09\/BCM-Modell-2.png\",\"width\":929,\"height\":415,\"caption\":\"Business Communication Management\"},\"image\":{\"@id\":\"https:\/\/bcmconsult.com\/#\/schema\/logo\/image\/\"},\"sameAs\":[\"https:\/\/x.com\/FSchieck\",\"https:\/\/www.xing.com\/profile\/Friedrich_Schieck4\",\"https:\/\/de.linkedin.com\/in\/friedrich-schieck-19305993\"]}]}<\/script>\n<!-- \/ Yoast SEO plugin. -->","yoast_head_json":{"title":"Imprint - bcmconsult.com","robots":{"index":"index","follow":"follow","max-snippet":"max-snippet:-1","max-image-preview":"max-image-preview:large","max-video-preview":"max-video-preview:-1"},"canonical":"https:\/\/bcmconsult.com\/en\/imprint\/","og_locale":"en_US","og_type":"article","og_title":"Imprint - bcmconsult.com","og_description":"Imprint Information according to \u00a7 5 DDG Friedrich Reinhard SchieckCompa\u00dfberg 1607639 Wei\u00dfenborn Represented by:Friedrich Reinhard Schieck Contact:Phone: +49 (0) 172-6053061E-Mail: fs@bcmconsult.com Sales tax according to \u00a7 4 Abs. 3 EstG:tax number: 162\/268\/16821 Identification Number: 69 045 387 420 Responsible for the content according to \u00a7 55 para. 2 RStV: 2 RStV:Friedrich Reinhard SchieckCompa\u00dfberg 1607639 Wei\u00dfenborn [&hellip;]","og_url":"https:\/\/bcmconsult.com\/en\/imprint\/","og_site_name":"bcmconsult.com","article_modified_time":"2024-06-26T12:48:45+00:00","twitter_card":"summary_large_image","twitter_site":"@FSchieck","twitter_misc":{"Est. reading time":"4 minutes"},"schema":{"@context":"https:\/\/schema.org","@graph":[{"@type":"WebPage","@id":"https:\/\/bcmconsult.com\/en\/imprint\/","url":"https:\/\/bcmconsult.com\/en\/imprint\/","name":"Imprint - bcmconsult.com","isPartOf":{"@id":"https:\/\/bcmconsult.com\/#website"},"datePublished":"2023-09-07T11:36:28+00:00","dateModified":"2024-06-26T12:48:45+00:00","breadcrumb":{"@id":"https:\/\/bcmconsult.com\/en\/imprint\/#breadcrumb"},"inLanguage":"en-US","potentialAction":[{"@type":"ReadAction","target":["https:\/\/bcmconsult.com\/en\/imprint\/"]}]},{"@type":"BreadcrumbList","@id":"https:\/\/bcmconsult.com\/en\/imprint\/#breadcrumb","itemListElement":[{"@type":"ListItem","position":1,"name":"Startseite","item":"https:\/\/bcmconsult.com\/"},{"@type":"ListItem","position":2,"name":"Imprint"}]},{"@type":"WebSite","@id":"https:\/\/bcmconsult.com\/#website","url":"https:\/\/bcmconsult.com\/","name":"bcmconsult.com","description":"","publisher":{"@id":"https:\/\/bcmconsult.com\/#organization"},"potentialAction":[{"@type":"SearchAction","target":{"@type":"EntryPoint","urlTemplate":"https:\/\/bcmconsult.com\/?s={search_term_string}"},"query-input":{"@type":"PropertyValueSpecification","valueRequired":true,"valueName":"search_term_string"}}],"inLanguage":"en-US"},{"@type":"Organization","@id":"https:\/\/bcmconsult.com\/#organization","name":"Business Communication Management","url":"https:\/\/bcmconsult.com\/","logo":{"@type":"ImageObject","inLanguage":"en-US","@id":"https:\/\/bcmconsult.com\/#\/schema\/logo\/image\/","url":"https:\/\/bcmconsult.com\/wp-content\/uploads\/2023\/09\/BCM-Modell-2.png","contentUrl":"https:\/\/bcmconsult.com\/wp-content\/uploads\/2023\/09\/BCM-Modell-2.png","width":929,"height":415,"caption":"Business Communication Management"},"image":{"@id":"https:\/\/bcmconsult.com\/#\/schema\/logo\/image\/"},"sameAs":["https:\/\/x.com\/FSchieck","https:\/\/www.xing.com\/profile\/Friedrich_Schieck4","https:\/\/de.linkedin.com\/in\/friedrich-schieck-19305993"]}]}},"_links":{"self":[{"href":"https:\/\/bcmconsult.com\/en\/wp-json\/wp\/v2\/pages\/939","targetHints":{"allow":["GET"]}}],"collection":[{"href":"https:\/\/bcmconsult.com\/en\/wp-json\/wp\/v2\/pages"}],"about":[{"href":"https:\/\/bcmconsult.com\/en\/wp-json\/wp\/v2\/types\/page"}],"author":[{"embeddable":true,"href":"https:\/\/bcmconsult.com\/en\/wp-json\/wp\/v2\/users\/2"}],"replies":[{"embeddable":true,"href":"https:\/\/bcmconsult.com\/en\/wp-json\/wp\/v2\/comments?post=939"}],"version-history":[{"count":15,"href":"https:\/\/bcmconsult.com\/en\/wp-json\/wp\/v2\/pages\/939\/revisions"}],"predecessor-version":[{"id":1344,"href":"https:\/\/bcmconsult.com\/en\/wp-json\/wp\/v2\/pages\/939\/revisions\/1344"}],"wp:attachment":[{"href":"https:\/\/bcmconsult.com\/en\/wp-json\/wp\/v2\/media?parent=939"}],"curies":[{"name":"wp","href":"https:\/\/api.w.org\/{rel}","templated":true}]}}